{"id":98,"date":"2024-07-27T22:00:31","date_gmt":"2024-07-27T22:00:31","guid":{"rendered":"http:\/\/www.kaleli.av.tr\/?page_id=98"},"modified":"2024-12-20T14:12:48","modified_gmt":"2024-12-20T14:12:48","slug":"hakkimizda","status":"publish","type":"page","link":"https:\/\/www.kaleli.av.tr\/","title":{"rendered":"Hakk\u0131m\u0131zda"},"content":{"rendered":"\n<div class=\"wp-block-group alignfull has-accent-background-color has-background has-global-padding is-layout-constrained wp-container-core-group-is-layout-2 wp-block-group-is-layout-constrained\" style=\"margin-top:0;margin-bottom:0;padding-top:var(--wp--preset--spacing--50);padding-right:var(--wp--preset--spacing--50);padding-bottom:var(--wp--preset--spacing--50);padding-left:var(--wp--preset--spacing--50)\">\n<div class=\"wp-block-columns alignwide is-layout-flex wp-container-core-columns-is-layout-1 wp-block-columns-is-layout-flex\">\n<div class=\"wp-block-column is-vertically-aligned-stretch is-layout-flow wp-block-column-is-layout-flow\" style=\"flex-basis:50%\">\n<div class=\"wp-block-group is-vertical is-content-justification-stretch is-layout-flex wp-container-core-group-is-layout-1 wp-block-group-is-layout-flex\" style=\"min-height:100%\">\n<p class=\"has-heading-font-family has-x-large-font-size\" style=\"line-height:1.2\"><\/p>\n\n\n\n<p class=\"has-text-align-left\">\u00d6zel hukuk alan\u0131nda tecr\u00fcbeye sahip olan b\u00fcromuz 1995 y\u0131l\u0131ndan bu yana ger\u00e7ek ve t\u00fczelki\u015fi (\u015firket, vak\u0131f, dernek) m\u00fcvekkillerine dava ve dan\u0131\u015fmanl\u0131k hizmetleri sunmaktad\u0131r.<br><br>Ticaret Hukuku, Bor\u00e7lar Hukuku, Medeni Hukuk, \u0130\u015f Hukuku, \u0130cra ve \u0130flas Hukuku, Fikri S\u0131nai M\u00fclkiyet, T\u00fcketici,   \u0130dare ve Vergi Hukuku alanlar\u0131nda faaliyet g\u00f6steren b\u00fcromuz taraf\u0131ndan her t\u00fcrl\u00fc adli i\u015flemler, dan\u0131\u015fmanl\u0131k, s\u00f6zle\u015fme haz\u0131rlama, idari ve d\u00fczenleyici organlara ba\u015fvuru hizmetleri verilmektedir.<\/p>\n\n\n\n<p class=\"has-text-align-left\"><\/p>\n<\/div>\n<\/div>\n\n\n\n<div class=\"wp-block-column is-vertically-aligned-center is-layout-flow wp-block-column-is-layout-flow\" style=\"flex-basis:50%\">\n<figure class=\"wp-block-image size-large is-style-rounded is-style-rounded--1\"><img fetchpriority=\"high\" decoding=\"async\" width=\"1024\" height=\"768\" src=\"https:\/\/www.kaleli.av.tr\/wp-content\/uploads\/2024\/09\/WhatsApp-Gorsel-2024-09-22-saat-15.37.43_7d0acfdd-1024x768.jpg\" alt=\"\" class=\"wp-image-289\" srcset=\"https:\/\/www.kaleli.av.tr\/wp-content\/uploads\/2024\/09\/WhatsApp-Gorsel-2024-09-22-saat-15.37.43_7d0acfdd-1024x768.jpg 1024w, https:\/\/www.kaleli.av.tr\/wp-content\/uploads\/2024\/09\/WhatsApp-Gorsel-2024-09-22-saat-15.37.43_7d0acfdd-300x225.jpg 300w, https:\/\/www.kaleli.av.tr\/wp-content\/uploads\/2024\/09\/WhatsApp-Gorsel-2024-09-22-saat-15.37.43_7d0acfdd-768x576.jpg 768w, https:\/\/www.kaleli.av.tr\/wp-content\/uploads\/2024\/09\/WhatsApp-Gorsel-2024-09-22-saat-15.37.43_7d0acfdd-1536x1152.jpg 1536w, https:\/\/www.kaleli.av.tr\/wp-content\/uploads\/2024\/09\/WhatsApp-Gorsel-2024-09-22-saat-15.37.43_7d0acfdd.jpg 1600w\" sizes=\"(max-width: 1024px) 100vw, 1024px\" \/><\/figure>\n<\/div>\n<\/div>\n<\/div>\n\n\n\n<div class=\"wp-block-columns alignwide is-layout-flex wp-container-core-columns-is-layout-2 wp-block-columns-is-layout-flex\"><\/div>\n\n\n\n<div class=\"wp-block-group alignfull has-accent-5-background-color has-background has-global-padding is-layout-constrained wp-container-core-group-is-layout-3 wp-block-group-is-layout-constrained\" style=\"margin-top:0;margin-bottom:0;padding-top:var(--wp--preset--spacing--50);padding-right:var(--wp--preset--spacing--50);padding-bottom:var(--wp--preset--spacing--50);padding-left:var(--wp--preset--spacing--50)\">\n<div class=\"wp-block-columns alignwide is-layout-flex wp-container-core-columns-is-layout-3 wp-block-columns-is-layout-flex\">\n<div class=\"wp-block-column is-vertically-aligned-center is-layout-flow wp-block-column-is-layout-flow\" style=\"flex-basis:60%\">\n<figure class=\"wp-block-image size-full is-resized is-style-rounded is-style-rounded--2\"><img decoding=\"async\" width=\"1600\" height=\"1200\" src=\"https:\/\/www.kaleli.av.tr\/wp-content\/uploads\/2024\/09\/WhatsApp-Gorsel-2024-09-22-saat-15.37.43_f92defbb.jpg\" alt=\"\" class=\"wp-image-292\" style=\"aspect-ratio:1.3333333333333333;object-fit:cover;width:612px;height:auto\" srcset=\"https:\/\/www.kaleli.av.tr\/wp-content\/uploads\/2024\/09\/WhatsApp-Gorsel-2024-09-22-saat-15.37.43_f92defbb.jpg 1600w, https:\/\/www.kaleli.av.tr\/wp-content\/uploads\/2024\/09\/WhatsApp-Gorsel-2024-09-22-saat-15.37.43_f92defbb-300x225.jpg 300w, https:\/\/www.kaleli.av.tr\/wp-content\/uploads\/2024\/09\/WhatsApp-Gorsel-2024-09-22-saat-15.37.43_f92defbb-1024x768.jpg 1024w, https:\/\/www.kaleli.av.tr\/wp-content\/uploads\/2024\/09\/WhatsApp-Gorsel-2024-09-22-saat-15.37.43_f92defbb-768x576.jpg 768w, https:\/\/www.kaleli.av.tr\/wp-content\/uploads\/2024\/09\/WhatsApp-Gorsel-2024-09-22-saat-15.37.43_f92defbb-1536x1152.jpg 1536w\" sizes=\"(max-width: 1600px) 100vw, 1600px\" \/><\/figure>\n<\/div>\n\n\n\n<div class=\"wp-block-column is-layout-flow wp-block-column-is-layout-flow\" style=\"flex-basis:40%\">\n<p>Kurulu\u015fundan beri hukukun bir\u00e7ok alan\u0131nda faaliyet g\u00f6stermekte olan b\u00fcromuz, \u015firket ve \u015fah\u0131s m\u00fcvekkillerine ihtiya\u00e7 duyduklar\u0131 hukuk alanlar\u0131nda dan\u0131\u015fmanl\u0131k vermekte ve hukuki \u00e7\u00f6z\u00fcmler \u00fcretmektedir.<\/p>\n\n\n\n<div class=\"wp-block-buttons is-layout-flex wp-block-buttons-is-layout-flex\">\n<div class=\"wp-block-button\"><a class=\"wp-block-button__link wp-element-button\" href=\"https:\/\/www.kaleli.av.tr\/index.php\/faaliyetalanlarimiz\/\">Faaliyet Alanlar\u0131m\u0131z<\/a><\/div>\n<\/div>\n<\/div>\n\n\n\n<div class=\"wp-block-column is-layout-flow wp-block-column-is-layout-flow\"><\/div>\n\n\n\n<div class=\"wp-block-column is-layout-flow wp-block-column-is-layout-flow\"><\/div>\n<\/div>\n<\/div>\n","protected":false},"excerpt":{"rendered":"<p>\u00d6zel hukuk alan\u0131nda tecr\u00fcbeye sahip olan b\u00fcromuz 1995 y\u0131l\u0131ndan bu yana ger\u00e7ek ve t\u00fczelki\u015fi (\u015firket, vak\u0131f, dernek) m\u00fcvekkillerine dava ve dan\u0131\u015fmanl\u0131k hizmetleri sunmaktad\u0131r. Ticaret Hukuku, Bor\u00e7lar Hukuku, Medeni Hukuk, \u0130\u015f Hukuku, \u0130cra ve \u0130flas Hukuku, Fikri S\u0131nai M\u00fclkiyet, T\u00fcketici, \u0130dare ve Vergi Hukuku alanlar\u0131nda faaliyet g\u00f6steren b\u00fcromuz taraf\u0131ndan her t\u00fcrl\u00fc adli i\u015flemler, dan\u0131\u015fmanl\u0131k, s\u00f6zle\u015fme haz\u0131rlama, [&hellip;]<\/p>\n","protected":false},"author":3,"featured_media":0,"parent":0,"menu_order":0,"comment_status":"closed","ping_status":"closed","template":"","meta":{"footnotes":""},"class_list":["post-98","page","type-page","status-publish","hentry"],"_links":{"self":[{"href":"https:\/\/www.kaleli.av.tr\/index.php\/wp-json\/wp\/v2\/pages\/98","targetHints":{"allow":["GET"]}}],"collection":[{"href":"https:\/\/www.kaleli.av.tr\/index.php\/wp-json\/wp\/v2\/pages"}],"about":[{"href":"https:\/\/www.kaleli.av.tr\/index.php\/wp-json\/wp\/v2\/types\/page"}],"author":[{"embeddable":true,"href":"https:\/\/www.kaleli.av.tr\/index.php\/wp-json\/wp\/v2\/users\/3"}],"replies":[{"embeddable":true,"href":"https:\/\/www.kaleli.av.tr\/index.php\/wp-json\/wp\/v2\/comments?post=98"}],"version-history":[{"count":36,"href":"https:\/\/www.kaleli.av.tr\/index.php\/wp-json\/wp\/v2\/pages\/98\/revisions"}],"predecessor-version":[{"id":521,"href":"https:\/\/www.kaleli.av.tr\/index.php\/wp-json\/wp\/v2\/pages\/98\/revisions\/521"}],"wp:attachment":[{"href":"https:\/\/www.kaleli.av.tr\/index.php\/wp-json\/wp\/v2\/media?parent=98"}],"curies":[{"name":"wp","href":"https:\/\/api.w.org\/{rel}","templated":true}]}}