{"id":258,"date":"2024-09-22T12:56:06","date_gmt":"2024-09-22T12:56:06","guid":{"rendered":"https:\/\/www.kaleli.av.tr\/?page_id=258"},"modified":"2024-11-13T13:22:01","modified_gmt":"2024-11-13T13:22:01","slug":"kariyer","status":"publish","type":"page","link":"https:\/\/www.kaleli.av.tr\/index.php\/kariyer\/","title":{"rendered":"kariyer"},"content":{"rendered":"\n<div class=\"wp-block-group alignfull has-global-padding is-layout-constrained wp-container-core-group-is-layout-1 wp-block-group-is-layout-constrained\" style=\"margin-top:0;margin-bottom:0;padding-top:var(--wp--preset--spacing--50);padding-right:var(--wp--preset--spacing--50);padding-bottom:var(--wp--preset--spacing--50);padding-left:var(--wp--preset--spacing--50)\">\n<div class=\"wp-block-columns alignwide is-layout-flex wp-container-core-columns-is-layout-1 wp-block-columns-is-layout-flex\" style=\"padding-right:0;padding-left:0\">\n<div class=\"wp-block-column is-layout-flow wp-block-column-is-layout-flow\">\n<h2 class=\"wp-block-heading\">kariyer<\/h2>\n\n\n\n<p><\/p>\n\n\n\n<p>Yeni yeti\u015fen hukuk\u00e7ulara hukukun teorisi ve avukatl\u0131k mesle\u011finin prati\u011finin her a\u015famas\u0131n\u0131n g\u00f6sterilmesi ana prensibiyle hareket eden ve bunun peki\u015ftirilmesi ile hem mesle\u011fin hem de \u00fclkemizdeki adalet sisteminin daha iyi olaca\u011f\u0131na inan\u0131yoruz. Bu nedenle; gen\u00e7 meslekta\u015flar\u0131m\u0131z\u0131 yeti\u015ftirmek, onlar\u0131n \u00f6n\u00fcn\u00fc ve ufkunu a\u00e7mak ve mesle\u011fimizi bir g\u00fcn kendi ayaklar\u0131 \u00fczerinde durarak yapmalar\u0131n\u0131 te\u015fvik etmek gayesindeyiz.<\/p>\n\n\n\n<h2 class=\"wp-block-heading has-x-large-font-size\">beklentilerimiz<\/h2>\n\n\n\n<ul class=\"wp-block-list\">\n<li>Profesyonelli\u011fin \u00f6nemini bilen<\/li>\n\n\n\n<li>\u00d6\u011frenmeyi seven<\/li>\n\n\n\n<li>Kendini mesleki a\u00e7\u0131dan geli\u015ftirme gayesi olan<\/li>\n\n\n\n<li>Zorluktan ka\u00e7\u0131nmayan,<\/li>\n\n\n\n<li>En az bir yabanc\u0131 dili ak\u0131c\u0131 konu\u015fabilen<\/li>\n<\/ul>\n\n\n\n<p>Yukar\u0131daki \u00f6zellikleri kar\u015f\u0131lad\u0131\u011f\u0131n\u0131z\u0131 d\u00fc\u015f\u00fcn\u00fcyorsan\u0131z \u00f6zge\u00e7mi\u015finizi ve varsa eklerini info@kaleli.av.tr adresine g\u00f6nderebilirsiniz.<\/p>\n<\/div>\n\n\n\n<div class=\"wp-block-column is-layout-flow wp-block-column-is-layout-flow\">\n<figure class=\"wp-block-image size-large is-resized is-style-rounded is-style-rounded--1\"><img fetchpriority=\"high\" decoding=\"async\" width=\"1252\" height=\"1252\" src=\"https:\/\/www.kaleli.av.tr\/wp-content\/uploads\/2024\/09\/WhatsApp-Gorsel-2024-09-22-saat-15.54.10_c85d1dd2-edited.jpg\" alt=\"\" class=\"wp-image-299\" style=\"width:620px;height:auto\" srcset=\"https:\/\/www.kaleli.av.tr\/wp-content\/uploads\/2024\/09\/WhatsApp-Gorsel-2024-09-22-saat-15.54.10_c85d1dd2-edited.jpg 1252w, https:\/\/www.kaleli.av.tr\/wp-content\/uploads\/2024\/09\/WhatsApp-Gorsel-2024-09-22-saat-15.54.10_c85d1dd2-edited-300x300.jpg 300w, https:\/\/www.kaleli.av.tr\/wp-content\/uploads\/2024\/09\/WhatsApp-Gorsel-2024-09-22-saat-15.54.10_c85d1dd2-edited-1024x1024.jpg 1024w, https:\/\/www.kaleli.av.tr\/wp-content\/uploads\/2024\/09\/WhatsApp-Gorsel-2024-09-22-saat-15.54.10_c85d1dd2-edited-150x150.jpg 150w, https:\/\/www.kaleli.av.tr\/wp-content\/uploads\/2024\/09\/WhatsApp-Gorsel-2024-09-22-saat-15.54.10_c85d1dd2-edited-768x768.jpg 768w\" sizes=\"(max-width: 1252px) 100vw, 1252px\" \/><\/figure>\n<\/div>\n<\/div>\n<\/div>\n","protected":false},"excerpt":{"rendered":"<p>kariyer Yeni yeti\u015fen hukuk\u00e7ulara hukukun teorisi ve avukatl\u0131k mesle\u011finin prati\u011finin her a\u015famas\u0131n\u0131n g\u00f6sterilmesi ana prensibiyle hareket eden ve bunun peki\u015ftirilmesi ile hem mesle\u011fin hem de \u00fclkemizdeki adalet sisteminin daha iyi olaca\u011f\u0131na inan\u0131yoruz. Bu nedenle; gen\u00e7 meslekta\u015flar\u0131m\u0131z\u0131 yeti\u015ftirmek, onlar\u0131n \u00f6n\u00fcn\u00fc ve ufkunu a\u00e7mak ve mesle\u011fimizi bir g\u00fcn kendi ayaklar\u0131 \u00fczerinde durarak yapmalar\u0131n\u0131 te\u015fvik etmek gayesindeyiz. beklentilerimiz [&hellip;]<\/p>\n","protected":false},"author":3,"featured_media":0,"parent":0,"menu_order":0,"comment_status":"closed","ping_status":"closed","template":"","meta":{"footnotes":""},"class_list":["post-258","page","type-page","status-publish","hentry"],"_links":{"self":[{"href":"https:\/\/www.kaleli.av.tr\/index.php\/wp-json\/wp\/v2\/pages\/258","targetHints":{"allow":["GET"]}}],"collection":[{"href":"https:\/\/www.kaleli.av.tr\/index.php\/wp-json\/wp\/v2\/pages"}],"about":[{"href":"https:\/\/www.kaleli.av.tr\/index.php\/wp-json\/wp\/v2\/types\/page"}],"author":[{"embeddable":true,"href":"https:\/\/www.kaleli.av.tr\/index.php\/wp-json\/wp\/v2\/users\/3"}],"replies":[{"embeddable":true,"href":"https:\/\/www.kaleli.av.tr\/index.php\/wp-json\/wp\/v2\/comments?post=258"}],"version-history":[{"count":8,"href":"https:\/\/www.kaleli.av.tr\/index.php\/wp-json\/wp\/v2\/pages\/258\/revisions"}],"predecessor-version":[{"id":380,"href":"https:\/\/www.kaleli.av.tr\/index.php\/wp-json\/wp\/v2\/pages\/258\/revisions\/380"}],"wp:attachment":[{"href":"https:\/\/www.kaleli.av.tr\/index.php\/wp-json\/wp\/v2\/media?parent=258"}],"curies":[{"name":"wp","href":"https:\/\/api.w.org\/{rel}","templated":true}]}}