{"id":148,"date":"2024-08-11T03:50:40","date_gmt":"2024-08-11T03:50:40","guid":{"rendered":"https:\/\/www.kaleli.av.tr\/?page_id=148"},"modified":"2024-11-20T13:30:25","modified_gmt":"2024-11-20T13:30:25","slug":"ekibimiz","status":"publish","type":"page","link":"https:\/\/www.kaleli.av.tr\/index.php\/ekibimiz\/","title":{"rendered":"ekibimiz"},"content":{"rendered":"\n<h2 class=\"wp-block-heading has-text-align-center\">ekibimiz<\/h2>\n\n\n\n<p><\/p>\n\n\n\n<p><\/p>\n\n\n\n<p><\/p>\n\n\n\n<div class=\"wp-block-columns alignwide is-layout-flex wp-container-core-columns-is-layout-1 wp-block-columns-is-layout-flex\" style=\"padding-right:0;padding-left:0\">\n<div class=\"wp-block-column is-layout-flow wp-block-column-is-layout-flow\">\n<div class=\"wp-block-group is-vertical is-content-justification-center is-nowrap is-layout-flex wp-container-core-group-is-layout-1 wp-block-group-is-layout-flex\">\n<p class=\"has-text-align-center has-small-font-size\"><strong><a href=\"https:\/\/www.kaleli.av.tr\/index.php\/ahmetkaleli\/\" data-type=\"page\" data-id=\"147\">Ahmet Kaleli<\/a><\/strong><\/p>\n\n\n\n<p class=\"has-text-align-center has-small-font-size\">Ortak Avukat<\/p>\n<\/div>\n<\/div>\n\n\n\n<div class=\"wp-block-column is-layout-flow wp-block-column-is-layout-flow\">\n<div class=\"wp-block-group is-vertical is-content-justification-center is-nowrap is-layout-flex wp-container-core-group-is-layout-2 wp-block-group-is-layout-flex\">\n<p class=\"has-text-align-center has-small-font-size\"><a href=\"https:\/\/www.kaleli.av.tr\/index.php\/onurkaleli\/\" data-type=\"page\" data-id=\"21\"><strong>M. Onu<\/strong>r <strong>Kaleli<\/strong><\/a><\/p>\n\n\n\n<p class=\"has-text-align-center has-small-font-size\">Ortak Avukat<\/p>\n<\/div>\n<\/div>\n\n\n\n<div class=\"wp-block-column is-layout-flow wp-block-column-is-layout-flow\">\n<div class=\"wp-block-group is-vertical is-content-justification-center is-nowrap is-layout-flex wp-container-core-group-is-layout-3 wp-block-group-is-layout-flex\">\n<p class=\"has-text-align-center has-small-font-size\"><strong>G\u00fclseren Kaleli<\/strong><\/p>\n\n\n\n<p class=\"has-text-align-center has-small-font-size\">Mali ve \u0130dari \u0130\u015fler M\u00fcd\u00fcr\u00fc<\/p>\n<\/div>\n<\/div>\n<\/div>\n\n\n\n<div class=\"wp-block-group alignfull has-global-padding is-layout-constrained wp-container-core-group-is-layout-4 wp-block-group-is-layout-constrained\" style=\"margin-top:0;margin-bottom:0;padding-top:var(--wp--preset--spacing--50);padding-right:var(--wp--preset--spacing--50);padding-bottom:var(--wp--preset--spacing--50);padding-left:var(--wp--preset--spacing--50)\"><\/div>\n","protected":false},"excerpt":{"rendered":"<p>ekibimiz Ahmet Kaleli Ortak Avukat M. Onur Kaleli Ortak Avukat G\u00fclseren Kaleli Mali ve \u0130dari \u0130\u015fler M\u00fcd\u00fcr\u00fc<\/p>\n","protected":false},"author":3,"featured_media":0,"parent":0,"menu_order":0,"comment_status":"closed","ping_status":"closed","template":"","meta":{"footnotes":""},"class_list":["post-148","page","type-page","status-publish","hentry"],"_links":{"self":[{"href":"https:\/\/www.kaleli.av.tr\/index.php\/wp-json\/wp\/v2\/pages\/148","targetHints":{"allow":["GET"]}}],"collection":[{"href":"https:\/\/www.kaleli.av.tr\/index.php\/wp-json\/wp\/v2\/pages"}],"about":[{"href":"https:\/\/www.kaleli.av.tr\/index.php\/wp-json\/wp\/v2\/types\/page"}],"author":[{"embeddable":true,"href":"https:\/\/www.kaleli.av.tr\/index.php\/wp-json\/wp\/v2\/users\/3"}],"replies":[{"embeddable":true,"href":"https:\/\/www.kaleli.av.tr\/index.php\/wp-json\/wp\/v2\/comments?post=148"}],"version-history":[{"count":15,"href":"https:\/\/www.kaleli.av.tr\/index.php\/wp-json\/wp\/v2\/pages\/148\/revisions"}],"predecessor-version":[{"id":390,"href":"https:\/\/www.kaleli.av.tr\/index.php\/wp-json\/wp\/v2\/pages\/148\/revisions\/390"}],"wp:attachment":[{"href":"https:\/\/www.kaleli.av.tr\/index.php\/wp-json\/wp\/v2\/media?parent=148"}],"curies":[{"name":"wp","href":"https:\/\/api.w.org\/{rel}","templated":true}]}}