{"id":147,"date":"2024-08-11T03:49:55","date_gmt":"2024-08-11T03:49:55","guid":{"rendered":"https:\/\/www.kaleli.av.tr\/?page_id=147"},"modified":"2024-09-22T14:10:54","modified_gmt":"2024-09-22T14:10:54","slug":"ahmetkaleli","status":"publish","type":"page","link":"https:\/\/www.kaleli.av.tr\/index.php\/ahmetkaleli\/","title":{"rendered":"Ahmet Kaleli, Avukat"},"content":{"rendered":"\n<div class=\"wp-block-columns alignwide is-layout-flex wp-container-core-columns-is-layout-3 wp-block-columns-is-layout-flex\">\n<div class=\"wp-block-column is-layout-flow wp-block-column-is-layout-flow\" style=\"flex-basis:100%\">\n<div class=\"wp-block-columns is-layout-flex wp-container-core-columns-is-layout-2 wp-block-columns-is-layout-flex\">\n<div class=\"wp-block-column is-layout-flow wp-block-column-is-layout-flow\">\n<div class=\"wp-block-columns is-layout-flex wp-container-core-columns-is-layout-1 wp-block-columns-is-layout-flex\">\n<div class=\"wp-block-column is-layout-flow wp-block-column-is-layout-flow\">\n<p>Ankara \u00dcniversitesi Hukuk Fak\u00fcltesinden 1992 y\u0131l\u0131nda mezun oldu. 1993 y\u0131l\u0131nda Ankara Barosuna kaydoldu. 1995-1999 y\u0131llar\u0131 aras\u0131nda Ankara Barosu\u2019na kay\u0131tl\u0131 olarak avukatl\u0131k yapt\u0131. 1999 y\u0131l\u0131nda \u0130stanbul Barosu\u2019na kaydolan Ahmet Kaleli bu tarihten beri \u0130stanbul\u2019da faaliyet g\u00f6stermektedir.<\/p>\n\n\n\n<p><\/p>\n\n\n\n<p><strong>E-posta :<\/strong><a href=\"http:\/\/kaleli.av.tr\/mailtahmetkaleli@kaleli.av.tr\"> ahmetkaleli@kaleli.av.tr<\/a><\/p>\n<\/div>\n\n\n\n<div class=\"wp-block-column is-layout-flow wp-block-column-is-layout-flow\">\n<figure class=\"wp-block-image aligncenter size-full is-resized is-style-rounded is-style-rounded--1\"><img fetchpriority=\"high\" decoding=\"async\" width=\"743\" height=\"1024\" src=\"https:\/\/www.kaleli.av.tr\/wp-content\/uploads\/2024\/09\/image.png\" alt=\"\" class=\"wp-image-317\" style=\"width:414px;height:auto\" srcset=\"https:\/\/www.kaleli.av.tr\/wp-content\/uploads\/2024\/09\/image.png 743w, https:\/\/www.kaleli.av.tr\/wp-content\/uploads\/2024\/09\/image-218x300.png 218w\" sizes=\"(max-width: 743px) 100vw, 743px\" \/><\/figure>\n<\/div>\n<\/div>\n\n\n\n<p><\/p>\n<\/div>\n<\/div>\n<\/div>\n<\/div>\n","protected":false},"excerpt":{"rendered":"<p>Ankara \u00dcniversitesi Hukuk Fak\u00fcltesinden 1992 y\u0131l\u0131nda mezun oldu. 1993 y\u0131l\u0131nda Ankara Barosuna kaydoldu. 1995-1999 y\u0131llar\u0131 aras\u0131nda Ankara Barosu\u2019na kay\u0131tl\u0131 olarak avukatl\u0131k yapt\u0131. 1999 y\u0131l\u0131nda \u0130stanbul Barosu\u2019na kaydolan Ahmet Kaleli bu tarihten beri \u0130stanbul\u2019da faaliyet g\u00f6stermektedir. E-posta : ahmetkaleli@kaleli.av.tr<\/p>\n","protected":false},"author":3,"featured_media":0,"parent":0,"menu_order":0,"comment_status":"closed","ping_status":"closed","template":"","meta":{"footnotes":""},"class_list":["post-147","page","type-page","status-publish","hentry"],"_links":{"self":[{"href":"https:\/\/www.kaleli.av.tr\/index.php\/wp-json\/wp\/v2\/pages\/147","targetHints":{"allow":["GET"]}}],"collection":[{"href":"https:\/\/www.kaleli.av.tr\/index.php\/wp-json\/wp\/v2\/pages"}],"about":[{"href":"https:\/\/www.kaleli.av.tr\/index.php\/wp-json\/wp\/v2\/types\/page"}],"author":[{"embeddable":true,"href":"https:\/\/www.kaleli.av.tr\/index.php\/wp-json\/wp\/v2\/users\/3"}],"replies":[{"embeddable":true,"href":"https:\/\/www.kaleli.av.tr\/index.php\/wp-json\/wp\/v2\/comments?post=147"}],"version-history":[{"count":12,"href":"https:\/\/www.kaleli.av.tr\/index.php\/wp-json\/wp\/v2\/pages\/147\/revisions"}],"predecessor-version":[{"id":318,"href":"https:\/\/www.kaleli.av.tr\/index.php\/wp-json\/wp\/v2\/pages\/147\/revisions\/318"}],"wp:attachment":[{"href":"https:\/\/www.kaleli.av.tr\/index.php\/wp-json\/wp\/v2\/media?parent=147"}],"curies":[{"name":"wp","href":"https:\/\/api.w.org\/{rel}","templated":true}]}}